{"id":7686,"date":"2024-06-27T12:07:10","date_gmt":"2024-06-27T10:07:10","guid":{"rendered":"https:\/\/bilbao.eleusal.com\/quejas-y-sugerencias-copy\/"},"modified":"2024-06-27T12:10:04","modified_gmt":"2024-06-27T10:10:04","slug":"complaints-and-suggestions","status":"publish","type":"page","link":"https:\/\/bilbao.eleusal.com\/en\/complaints-and-suggestions\/","title":{"rendered":"Complaints and suggestions"},"content":{"rendered":"<p>[vc_row css_animation=&#8221;&#8221; row_type=&#8221;row&#8221; use_row_as_full_screen_section=&#8221;no&#8221; type=&#8221;grid&#8221; angled_section=&#8221;no&#8221; text_align=&#8221;left&#8221; background_image_as_pattern=&#8221;without_pattern&#8221; padding_top=&#8221;102&#8243; padding_bottom=&#8221;54&#8243; z_index=&#8221;&#8221;][vc_column offset=&#8221;vc_col-md-8&#8243;][vc_column_text]<\/p>\n<h3>Do you want to tell us something or help us improve?<\/h3>\n<p>[\/vc_column_text][vc_column_text]<\/p>\n<h3>Leave us your suggestion or complaint so we can improve our service<\/h3>\n<p>[\/vc_column_text][vc_empty_space height=&#8221;22px&#8221;]\n<div class=\"wpcf7 no-js\" id=\"wpcf7-f1381-o1\" lang=\"es-ES\" dir=\"ltr\" data-wpcf7-id=\"1381\">\n<div class=\"screen-reader-response\"><p role=\"status\" aria-live=\"polite\" aria-atomic=\"true\"><\/p> <ul><\/ul><\/div>\n<form action=\"\/en\/wp-json\/wp\/v2\/pages\/7686#wpcf7-f1381-o1\" method=\"post\" class=\"wpcf7-form init cf7_custom_style_2\" aria-label=\"Formulario de contacto\" novalidate=\"novalidate\" data-status=\"init\">\n<div style=\"display: none;\">\n<input type=\"hidden\" name=\"_wpcf7\" value=\"1381\" \/>\n<input type=\"hidden\" name=\"_wpcf7_version\" value=\"6.0.1\" \/>\n<input type=\"hidden\" name=\"_wpcf7_locale\" value=\"es_ES\" \/>\n<input type=\"hidden\" name=\"_wpcf7_unit_tag\" value=\"wpcf7-f1381-o1\" \/>\n<input type=\"hidden\" name=\"_wpcf7_container_post\" value=\"0\" \/>\n<input type=\"hidden\" name=\"_wpcf7_posted_data_hash\" value=\"\" \/>\n<\/div>\n<p><label> Name<br \/>\n<span class=\"wpcf7-form-control-wrap\" data-name=\"your-name\"><input size=\"40\" maxlength=\"400\" class=\"wpcf7-form-control wpcf7-text wpcf7-validates-as-required\" aria-required=\"true\" aria-invalid=\"false\" value=\"\" type=\"text\" name=\"your-name\" \/><\/span> <\/label>\n<\/p>\n<p><label> Mail<br \/>\n<span class=\"wpcf7-form-control-wrap\" data-name=\"your-email\"><input size=\"40\" maxlength=\"400\" class=\"wpcf7-form-control wpcf7-email wpcf7-validates-as-required wpcf7-text wpcf7-validates-as-email\" aria-required=\"true\" aria-invalid=\"false\" value=\"\" type=\"email\" name=\"your-email\" \/><\/span> <\/label>\n<\/p>\n<p><label> Subject<br \/>\n<span class=\"wpcf7-form-control-wrap\" data-name=\"your-subject\"><input size=\"40\" maxlength=\"400\" class=\"wpcf7-form-control wpcf7-text\" aria-invalid=\"false\" value=\"\" type=\"text\" name=\"your-subject\" \/><\/span> <\/label>\n<\/p>\n<p><label> Message<br \/>\n<span class=\"wpcf7-form-control-wrap\" data-name=\"your-message\"><textarea cols=\"40\" rows=\"10\" maxlength=\"2000\" class=\"wpcf7-form-control wpcf7-textarea\" aria-invalid=\"false\" name=\"your-message\"><\/textarea><\/span> <\/label>\n<\/p>\n<p><input class=\"wpcf7-form-control wpcf7-submit has-spinner\" type=\"submit\" value=\"Send\" \/>\n<\/p><input type=\"hidden\" id=\"ct_checkjs_cf7_9de6d14fff9806d4bcd1ef555be766cd\" name=\"ct_checkjs_cf7\" value=\"0\" \/><script >setTimeout(function(){var ct_input_name = \"ct_checkjs_cf7_9de6d14fff9806d4bcd1ef555be766cd\";if (document.getElementById(ct_input_name) !== null) {var ct_input_value = document.getElementById(ct_input_name).value;document.getElementById(ct_input_name).value = document.getElementById(ct_input_name).value.replace(ct_input_value, '4abcd756c14f4c0ba9f77d33cc69886d27eb58d5673256fa5cd433e50dedd87e');}}, 1000);<\/script><label class=\"apbct_special_field\" id=\"apbct_label_id63996\" for=\"apbct__email_id__wp_contact_form_7_63996\">63996<\/label><input\n            id=\"apbct__email_id__wp_contact_form_7_63996\"\n            class=\"apbct_special_field apbct__email_id__wp_contact_form_7\"\n            name=\"apbct__email_id__wp_contact_form_7_63996\"\n            type=\"text\" size=\"30\" maxlength=\"200\" autocomplete=\"off\"\n            value=\"63996\" apbct_event_id=\"63996\"\n            \/><input id=\"apbct_event_id_wp_contact_form_7_63996\"\n                class=\"apbct_special_field\" name=\"apbct_event_id\" type=\"hidden\" value=\"63996\" \/><div class=\"wpcf7-response-output\" aria-hidden=\"true\"><\/div>\n<\/form>\n<\/div>\n[vc_empty_space height=&#8221;30px&#8221;][\/vc_column][\/vc_row]<\/p>\n","protected":false},"excerpt":{"rendered":"<p>[vc_row css_animation=&#8221;&#8221; row_type=&#8221;row&#8221; use_row_as_full_screen_section=&#8221;no&#8221; type=&#8221;grid&#8221; angled_section=&#8221;no&#8221; text_align=&#8221;left&#8221; background_image_as_pattern=&#8221;without_pattern&#8221; padding_top=&#8221;102&#8243; padding_bottom=&#8221;54&#8243; z_index=&#8221;&#8221;][vc_column offset=&#8221;vc_col-md-8&#8243;][vc_column_text] Do you want to tell us something or help us improve? [\/vc_column_text][vc_column_text] Leave us your suggestion or complaint so we can improve our service [\/vc_column_text][vc_empty_space height=&#8221;22px&#8221;][vc_empty_space height=&#8221;30px&#8221;][\/vc_column][\/vc_row]<\/p>\n","protected":false},"author":21,"featured_media":0,"parent":0,"menu_order":0,"comment_status":"closed","ping_status":"closed","template":"full_width.php","meta":{"footnotes":""},"class_list":["post-7686","page","type-page","status-publish","hentry"],"yoast_head":"<!-- This site is optimized with the Yoast SEO plugin v24.2 - https:\/\/yoast.com\/wordpress\/plugins\/seo\/ -->\n<title>Cont\u00e1ctanos, aprende idiomas en Bilbao - ELE USAL Bilbao<\/title>\n<meta name=\"description\" content=\"Cont\u00e1ctanos y aprende idiomas aqu\u00ed en Bilbao a trav\u00e9s de nuestros cursos de espa\u00f1ol, euskera e ingl\u00e9s oficiales \u00a1Te esperamos!\" \/>\n<meta name=\"robots\" content=\"index, follow, max-snippet:-1, max-image-preview:large, max-video-preview:-1\" \/>\n<link rel=\"canonical\" href=\"https:\/\/bilbao.eleusal.com\/en\/quejas-y-sugerencias\/\" \/>\n<meta property=\"og:locale\" content=\"en_US\" \/>\n<meta property=\"og:type\" content=\"article\" \/>\n<meta property=\"og:title\" content=\"Cont\u00e1ctanos, aprende idiomas en Bilbao - ELE USAL Bilbao\" \/>\n<meta property=\"og:description\" content=\"Cont\u00e1ctanos y aprende idiomas aqu\u00ed en Bilbao a trav\u00e9s de nuestros cursos de espa\u00f1ol, euskera e ingl\u00e9s oficiales \u00a1Te esperamos!\" \/>\n<meta property=\"og:url\" content=\"https:\/\/bilbao.eleusal.com\/quejas-y-sugerencias\/\" \/>\n<meta property=\"og:site_name\" content=\"ELE USAL Bilbao\" \/>\n<meta property=\"article:publisher\" content=\"https:\/\/www.facebook.com\/eleusal\/\" \/>\n<meta property=\"article:modified_time\" content=\"2024-06-27T10:10:04+00:00\" \/>\n<meta name=\"twitter:card\" content=\"summary_large_image\" \/>\n<meta name=\"twitter:site\" content=\"@ELE_USAL\" \/>\n<script type=\"application\/ld+json\" class=\"yoast-schema-graph\">{\"@context\":\"https:\/\/schema.org\",\"@graph\":[{\"@type\":\"WebPage\",\"@id\":\"https:\/\/bilbao.eleusal.com\/quejas-y-sugerencias\/\",\"url\":\"https:\/\/bilbao.eleusal.com\/quejas-y-sugerencias\/\",\"name\":\"Cont\u00e1ctanos, aprende idiomas en Bilbao - ELE USAL Bilbao\",\"isPartOf\":{\"@id\":\"https:\/\/bilbao.eleusal.com\/#website\"},\"datePublished\":\"2024-06-27T10:07:10+00:00\",\"dateModified\":\"2024-06-27T10:10:04+00:00\",\"description\":\"Cont\u00e1ctanos y aprende idiomas aqu\u00ed en Bilbao a trav\u00e9s de nuestros cursos de espa\u00f1ol, euskera e ingl\u00e9s oficiales \u00a1Te esperamos!\",\"breadcrumb\":{\"@id\":\"https:\/\/bilbao.eleusal.com\/quejas-y-sugerencias\/#breadcrumb\"},\"inLanguage\":\"en-US\",\"potentialAction\":[{\"@type\":\"ReadAction\",\"target\":[\"https:\/\/bilbao.eleusal.com\/quejas-y-sugerencias\/\"]}]},{\"@type\":\"BreadcrumbList\",\"@id\":\"https:\/\/bilbao.eleusal.com\/quejas-y-sugerencias\/#breadcrumb\",\"itemListElement\":[{\"@type\":\"ListItem\",\"position\":1,\"name\":\"Home\",\"item\":\"https:\/\/bilbao.eleusal.com\/en\/bilbao-language-school\/\"},{\"@type\":\"ListItem\",\"position\":2,\"name\":\"Complaints and suggestions\"}]},{\"@type\":\"WebSite\",\"@id\":\"https:\/\/bilbao.eleusal.com\/#website\",\"url\":\"https:\/\/bilbao.eleusal.com\/\",\"name\":\"ELE USAL Bilbao\",\"description\":\"Institut de Langue Espagnole, apprentissage espagnol, Strasbourg\",\"publisher\":{\"@id\":\"https:\/\/bilbao.eleusal.com\/#organization\"},\"potentialAction\":[{\"@type\":\"SearchAction\",\"target\":{\"@type\":\"EntryPoint\",\"urlTemplate\":\"https:\/\/bilbao.eleusal.com\/?s={search_term_string}\"},\"query-input\":{\"@type\":\"PropertyValueSpecification\",\"valueRequired\":true,\"valueName\":\"search_term_string\"}}],\"inLanguage\":\"en-US\"},{\"@type\":\"Organization\",\"@id\":\"https:\/\/bilbao.eleusal.com\/#organization\",\"name\":\"ELE USAL Bilbao\",\"url\":\"https:\/\/bilbao.eleusal.com\/\",\"logo\":{\"@type\":\"ImageObject\",\"inLanguage\":\"en-US\",\"@id\":\"https:\/\/bilbao.eleusal.com\/#\/schema\/logo\/image\/\",\"url\":\"https:\/\/bilbao.eleusal.com\/wp-content\/uploads\/sites\/28\/2020\/09\/ELE-USAL-Bilbao.png\",\"contentUrl\":\"https:\/\/bilbao.eleusal.com\/wp-content\/uploads\/sites\/28\/2020\/09\/ELE-USAL-Bilbao.png\",\"width\":695,\"height\":45,\"caption\":\"ELE USAL Bilbao\"},\"image\":{\"@id\":\"https:\/\/bilbao.eleusal.com\/#\/schema\/logo\/image\/\"},\"sameAs\":[\"https:\/\/www.facebook.com\/eleusal\/\",\"https:\/\/x.com\/ELE_USAL\",\"https:\/\/www.instagram.com\/eleusal_strasbourg\/\",\"https:\/\/www.linkedin.com\/company\/42409520\/admin\/\",\"https:\/\/www.youtube.com\/channel\/UC1zaycb1eIRyjg-tJWe7ENw?view_as=subscriber\"]}]}<\/script>\n<!-- \/ Yoast SEO plugin. -->","yoast_head_json":{"title":"Cont\u00e1ctanos, aprende idiomas en Bilbao - ELE USAL Bilbao","description":"Cont\u00e1ctanos y aprende idiomas aqu\u00ed en Bilbao a trav\u00e9s de nuestros cursos de espa\u00f1ol, euskera e ingl\u00e9s oficiales \u00a1Te esperamos!","robots":{"index":"index","follow":"follow","max-snippet":"max-snippet:-1","max-image-preview":"max-image-preview:large","max-video-preview":"max-video-preview:-1"},"canonical":"https:\/\/bilbao.eleusal.com\/en\/quejas-y-sugerencias\/","og_locale":"en_US","og_type":"article","og_title":"Cont\u00e1ctanos, aprende idiomas en Bilbao - ELE USAL Bilbao","og_description":"Cont\u00e1ctanos y aprende idiomas aqu\u00ed en Bilbao a trav\u00e9s de nuestros cursos de espa\u00f1ol, euskera e ingl\u00e9s oficiales \u00a1Te esperamos!","og_url":"https:\/\/bilbao.eleusal.com\/quejas-y-sugerencias\/","og_site_name":"ELE USAL Bilbao","article_publisher":"https:\/\/www.facebook.com\/eleusal\/","article_modified_time":"2024-06-27T10:10:04+00:00","twitter_card":"summary_large_image","twitter_site":"@ELE_USAL","schema":{"@context":"https:\/\/schema.org","@graph":[{"@type":"WebPage","@id":"https:\/\/bilbao.eleusal.com\/quejas-y-sugerencias\/","url":"https:\/\/bilbao.eleusal.com\/quejas-y-sugerencias\/","name":"Cont\u00e1ctanos, aprende idiomas en Bilbao - ELE USAL Bilbao","isPartOf":{"@id":"https:\/\/bilbao.eleusal.com\/#website"},"datePublished":"2024-06-27T10:07:10+00:00","dateModified":"2024-06-27T10:10:04+00:00","description":"Cont\u00e1ctanos y aprende idiomas aqu\u00ed en Bilbao a trav\u00e9s de nuestros cursos de espa\u00f1ol, euskera e ingl\u00e9s oficiales \u00a1Te esperamos!","breadcrumb":{"@id":"https:\/\/bilbao.eleusal.com\/quejas-y-sugerencias\/#breadcrumb"},"inLanguage":"en-US","potentialAction":[{"@type":"ReadAction","target":["https:\/\/bilbao.eleusal.com\/quejas-y-sugerencias\/"]}]},{"@type":"BreadcrumbList","@id":"https:\/\/bilbao.eleusal.com\/quejas-y-sugerencias\/#breadcrumb","itemListElement":[{"@type":"ListItem","position":1,"name":"Home","item":"https:\/\/bilbao.eleusal.com\/en\/bilbao-language-school\/"},{"@type":"ListItem","position":2,"name":"Complaints and suggestions"}]},{"@type":"WebSite","@id":"https:\/\/bilbao.eleusal.com\/#website","url":"https:\/\/bilbao.eleusal.com\/","name":"ELE USAL Bilbao","description":"Institut de Langue Espagnole, apprentissage espagnol, Strasbourg","publisher":{"@id":"https:\/\/bilbao.eleusal.com\/#organization"},"potentialAction":[{"@type":"SearchAction","target":{"@type":"EntryPoint","urlTemplate":"https:\/\/bilbao.eleusal.com\/?s={search_term_string}"},"query-input":{"@type":"PropertyValueSpecification","valueRequired":true,"valueName":"search_term_string"}}],"inLanguage":"en-US"},{"@type":"Organization","@id":"https:\/\/bilbao.eleusal.com\/#organization","name":"ELE USAL Bilbao","url":"https:\/\/bilbao.eleusal.com\/","logo":{"@type":"ImageObject","inLanguage":"en-US","@id":"https:\/\/bilbao.eleusal.com\/#\/schema\/logo\/image\/","url":"https:\/\/bilbao.eleusal.com\/wp-content\/uploads\/sites\/28\/2020\/09\/ELE-USAL-Bilbao.png","contentUrl":"https:\/\/bilbao.eleusal.com\/wp-content\/uploads\/sites\/28\/2020\/09\/ELE-USAL-Bilbao.png","width":695,"height":45,"caption":"ELE USAL Bilbao"},"image":{"@id":"https:\/\/bilbao.eleusal.com\/#\/schema\/logo\/image\/"},"sameAs":["https:\/\/www.facebook.com\/eleusal\/","https:\/\/x.com\/ELE_USAL","https:\/\/www.instagram.com\/eleusal_strasbourg\/","https:\/\/www.linkedin.com\/company\/42409520\/admin\/","https:\/\/www.youtube.com\/channel\/UC1zaycb1eIRyjg-tJWe7ENw?view_as=subscriber"]}]}},"_links":{"self":[{"href":"https:\/\/bilbao.eleusal.com\/en\/wp-json\/wp\/v2\/pages\/7686","targetHints":{"allow":["GET"]}}],"collection":[{"href":"https:\/\/bilbao.eleusal.com\/en\/wp-json\/wp\/v2\/pages"}],"about":[{"href":"https:\/\/bilbao.eleusal.com\/en\/wp-json\/wp\/v2\/types\/page"}],"author":[{"embeddable":true,"href":"https:\/\/bilbao.eleusal.com\/en\/wp-json\/wp\/v2\/users\/21"}],"replies":[{"embeddable":true,"href":"https:\/\/bilbao.eleusal.com\/en\/wp-json\/wp\/v2\/comments?post=7686"}],"version-history":[{"count":3,"href":"https:\/\/bilbao.eleusal.com\/en\/wp-json\/wp\/v2\/pages\/7686\/revisions"}],"predecessor-version":[{"id":7689,"href":"https:\/\/bilbao.eleusal.com\/en\/wp-json\/wp\/v2\/pages\/7686\/revisions\/7689"}],"wp:attachment":[{"href":"https:\/\/bilbao.eleusal.com\/en\/wp-json\/wp\/v2\/media?parent=7686"}],"curies":[{"name":"wp","href":"https:\/\/api.w.org\/{rel}","templated":true}]}}