{"id":7584,"date":"2024-06-25T11:50:22","date_gmt":"2024-06-25T09:50:22","guid":{"rendered":"https:\/\/bilbao.eleusal.com\/examenes-oficiales-cursos-dele-ccse-copy\/"},"modified":"2025-09-15T09:39:19","modified_gmt":"2025-09-15T07:39:19","slug":"official-exams","status":"publish","type":"page","link":"https:\/\/bilbao.eleusal.com\/en\/official-exams\/","title":{"rendered":"Official Exams"},"content":{"rendered":"<p>[vc_row css_animation=&#8221;&#8221; row_type=&#8221;row&#8221; use_row_as_full_screen_section=&#8221;no&#8221; type=&#8221;full_width&#8221; angled_section=&#8221;no&#8221; text_align=&#8221;left&#8221; background_image_as_pattern=&#8221;without_pattern&#8221; css=&#8221;.vc_custom_1757921804448{background-color: #ffffff !important;}&#8221; z_index=&#8221;&#8221;][vc_column][vc_empty_space height=&#8221;15px&#8221;][vc_column_text]<\/p>\n<h1 style=\"text-align: center\">Official DELE and CCSE exam<\/h1>\n<p>[\/vc_column_text][vc_empty_space height=&#8221;15px&#8221;][\/vc_column][\/vc_row][vc_row css_animation=&#8221;&#8221; row_type=&#8221;row&#8221; use_row_as_full_screen_section=&#8221;yes&#8221; type=&#8221;grid&#8221; angled_section=&#8221;no&#8221; text_align=&#8221;left&#8221; background_image_as_pattern=&#8221;without_pattern&#8221; padding_bottom=&#8221;90&#8243; z_index=&#8221;&#8221; css=&#8221;.vc_custom_1620197446625{padding-top: 60px !important;padding-bottom: 60px !important;background-image: url(https:\/\/bilbao.eleusal.com\/wp-content\/uploads\/sites\/28\/2021\/05\/javier-trueba-iQPr1XkF5F0-unsplash-1.jpg?id=3286) !important;background-position: center !important;background-repeat: no-repeat !important;background-size: cover !important;}&#8221; el_class=&#8221;cabecera-interna-cursos&#8221; padding_top=&#8221;90&#8243;][vc_column width=&#8221;1\/3&#8243;]<div class=\"qode-info-card-with-icon\">\n    <div class=\"qode-icwi-image-icon-holder qode-start-icon-hover\">\n\t\t\t\t\t\t<div class=\"qode-icwi-icon-holder\">\n\t\t\t<span class=\"qode-icon-holder qode-icon-circle qode-icon-tiny\"   >\n\t\t\t\t<span aria-hidden=\"true\" class=\"qode_icon_font_elegant arrow_down qode-icon-element\" style=\"\" ><\/span>\t\t\t<\/span>\n\t\t<\/div>\n\t\t\t<\/div>\n\t<div class=\"qode-icwi-text-holder\">\n\t\t\t\t\t<h3 class=\"qode-icwi-title\">\n\t\t\t\tELE USAL BILBAO\t\t\t<\/h3>\n\t\t\t\t\t\t\t<p class=\"qode-icwi-text\">\n\t\t\t\tWe are Cervantes examining center since 2021 and accredited school\t\t\t<\/p>\n\t\t\t<\/div>\n<\/div>[\/vc_column][vc_column width=&#8221;1\/3&#8243;]<div class=\"qode-info-card-with-icon\">\n    <div class=\"qode-icwi-image-icon-holder qode-start-icon-hover\">\n\t\t\t\t\t\t<div class=\"qode-icwi-icon-holder\">\n\t\t\t<span class=\"qode-icon-holder qode-icon-circle qode-icon-tiny\"   >\n\t\t\t\t<span aria-hidden=\"true\" class=\"qode_icon_font_elegant arrow_down qode-icon-element\" style=\"\" ><\/span>\t\t\t<\/span>\n\t\t<\/div>\n\t\t\t<\/div>\n\t<div class=\"qode-icwi-text-holder\">\n\t\t\t\t\t<h3 class=\"qode-icwi-title\">\n\t\t\t\tCertify your level\t\t\t<\/h3>\n\t\t\t\t\t\t\t<p class=\"qode-icwi-text\">\n\t\t\t\tGet your Spanish level certified worldwide\t\t\t<\/p>\n\t\t\t<\/div>\n<\/div>[\/vc_column][vc_column width=&#8221;1\/3&#8243;]<div class=\"qode-info-card-with-icon\">\n    <div class=\"qode-icwi-image-icon-holder qode-start-icon-hover\">\n\t\t\t\t\t\t<div class=\"qode-icwi-icon-holder\">\n\t\t\t<span class=\"qode-icon-holder qode-icon-circle qode-icon-tiny\"   >\n\t\t\t\t<span aria-hidden=\"true\" class=\"qode_icon_font_elegant arrow_down qode-icon-element\" style=\"\" ><\/span>\t\t\t<\/span>\n\t\t<\/div>\n\t\t\t<\/div>\n\t<div class=\"qode-icwi-text-holder\">\n\t\t\t\t\t<h3 class=\"qode-icwi-title\">\n\t\t\t\tDifferent exams\t\t\t<\/h3>\n\t\t\t\t\t\t\t<p class=\"qode-icwi-text\">\n\t\t\t\tWe can help you prepare for exams such as DELE, CCSE and others.\t\t\t<\/p>\n\t\t\t<\/div>\n<\/div>[\/vc_column][\/vc_row][vc_row css_animation=&#8221;&#8221; row_type=&#8221;row&#8221; use_row_as_full_screen_section=&#8221;no&#8221; type=&#8221;grid&#8221; angled_section=&#8221;no&#8221; text_align=&#8221;left&#8221; background_image_as_pattern=&#8221;without_pattern&#8221; css=&#8221;.vc_custom_1606467580172{margin-top: 80px !important;}&#8221; z_index=&#8221;&#8221;][vc_column]<div class=\"qode-course-list-holder qode-cl-gallery qode-normal-space qode-cl-three-columns qode-cl-standard qode-cl-pag-no-pagination     \"  data-number-of-columns=\"3\" data-space-between-items=\"normal\" data-number-of-items=\"-1\" data-enable-image=\"yes\" data-image-proportions=\"square\" data-category=\"examenes-oficiales\" data-orderby=\"date\" data-order=\"DESC\" data-item-layout=\"standard\" data-enable-title=\"yes\" data-title-tag=\"h5\" data-enable-instructor=\"no\" data-enable-price=\"yes\" data-enable-excerpt=\"yes\" data-excerpt-length=\"300\" data-enable-students=\"yes\" data-enable-category=\"yes\" data-pagination-type=\"no-pagination\" data-filter=\"no\" data-enable-article-animation=\"no\" data-course-slider-on=\"no\" data-enable-loop=\"yes\" data-enable-autoplay=\"yes\" data-slider-speed=\"5000\" data-slider-speed-animation=\"600\" data-enable-navigation=\"yes\" data-enable-pagination=\"yes\" data-widget=\"no\" data-max-num-pages=\"0\" data-next-page=\"2\">\n\t\t<div class=\"qode-cl-inner qode-outer-space  clearfix\">\n\t\t<article class=\"qode-cl-item qode-item-space post-7645 course type-course status-publish has-post-thumbnail hentry course-category-official-exams course-tag-curso-preparacion-dele-ele-usal-bilbao-spanish-school-spanish-exam course-tag-titulo-oficial-dele\"  data-name=dele-preparation-course data-date=1719273600>\n\t<div class=\"qode-cl-item-inner\">\n\t\t<div class=\"qode-cli-image\">\n\t\t\t<img loading=\"lazy\" decoding=\"async\" width=\"1495\" height=\"692\" src=\"https:\/\/bilbao.eleusal.com\/wp-content\/uploads\/sites\/28\/2022\/05\/Logo-DELE_1.jpg\" class=\"attachment-themename_image_size_square size-themename_image_size_square wp-post-image\" alt=\"\" srcset=\"https:\/\/bilbao.eleusal.com\/wp-content\/uploads\/sites\/28\/2022\/05\/Logo-DELE_1.jpg 1495w, https:\/\/bilbao.eleusal.com\/wp-content\/uploads\/sites\/28\/2022\/05\/Logo-DELE_1-300x139.jpg 300w, https:\/\/bilbao.eleusal.com\/wp-content\/uploads\/sites\/28\/2022\/05\/Logo-DELE_1-1024x474.jpg 1024w, https:\/\/bilbao.eleusal.com\/wp-content\/uploads\/sites\/28\/2022\/05\/Logo-DELE_1-768x355.jpg 768w, https:\/\/bilbao.eleusal.com\/wp-content\/uploads\/sites\/28\/2022\/05\/Logo-DELE_1-700x324.jpg 700w, https:\/\/bilbao.eleusal.com\/wp-content\/uploads\/sites\/28\/2022\/05\/Logo-DELE_1-600x278.jpg 600w\" sizes=\"auto, (max-width: 1495px) 100vw, 1495px\" \/>\t<\/div>\n<div class=\"qode-cli-text-holder\">\n\t<div class=\"qode-cli-text-wrapper\">\n\t\t<div class=\"qode-cli-text\">\n\t\t\t<div class=\"qode-cli-top-info\">\n\t\t\t\t<div class=\"qode-ci-price-holder\">\n\t\t\t<span class=\"qode-ci-price-value\">\n          From 150\u20ac      <\/span>\n\t<\/div>\n\n\t\t\t\t\t<h5 itemprop=\"name\" class=\"qode-cli-title entry-title\" >\n\t<a itemprop=\"url\" href=\"https:\/\/bilbao.eleusal.com\/en\/course\/dele-preparation-course\/\" target=\"_self\">\n\t\tDELE preparation course\t<\/a>\n\t<\/h5>\n\t\t\t\t\t\t\n\t\t\t\t\t\t\t\n\t\t\t<\/div>\n\t\t\t\t<p itemprop=\"description\" class=\"qode-cli-excerpt\">[vc_row css_animation=&#8221;&#8221; row_type=&#8221;row&#8221; use_row_as_full_screen_section=&#8221;no&#8221; type=&#8221;full_width&#8221; angled_section=&#8221;no&#8221; text_align=&#8221;left&#8221; background_image_as_pattern=&#8221;without_pattern&#8221;][vc_column][vc_empty_space][vc_column_<\/p>\n\t\t\t<div class=\"qode-cli-bottom-info\">\n\t\t\t\t\t\t<div class=\"qode-cli-category-holder\">\n\t\t\t<span aria-hidden=\"true\" class=\"qode-category-icon\"><\/span>\n\t\t\t\t\t\t\t<a itemprop=\"url\" class=\"qode-cli-category\" href=\"https:\/\/bilbao.eleusal.com\/en\/course-category\/official-exams\/\">Official Exams<\/a>\n\t\t\t\t\t<\/div>\n\t\t\t\t\t\n\t\t\t\t<div class=\"qode-students-number-holder\">\n\t<span aria-hidden=\"true\" class=\"dripicons-user qode-student-icon\"><\/span>\n\t<span class=\"qode-student-number\">\n        <\/span>\n<\/div>\n\t\t\t<\/div>\n\t\t<\/div>\n\t<\/div>\n<\/div>\t\t<a itemprop=\"url\" class=\"qode-cli-link qode-block-drag-link\" href=\"https:\/\/bilbao.eleusal.com\/en\/course\/dele-preparation-course\/\" target=\"_self\"><\/a>\n\t<\/div>\n<\/article><article class=\"qode-cl-item qode-item-space post-7643 course type-course status-publish has-post-thumbnail hentry course-category-official-exams course-tag-curso-preparacion-ccse-ele-usal-bilbao-spanish-school-spanish-exam\"  data-name=ccse-preparation-course data-date=1719273600>\n\t<div class=\"qode-cl-item-inner\">\n\t\t<div class=\"qode-cli-image\">\n\t\t\t<img loading=\"lazy\" decoding=\"async\" width=\"1501\" height=\"696\" src=\"https:\/\/bilbao.eleusal.com\/wp-content\/uploads\/sites\/28\/2021\/05\/CURSO-1.jpg\" class=\"attachment-themename_image_size_square size-themename_image_size_square wp-post-image\" alt=\"curso ccse bilbao\" srcset=\"https:\/\/bilbao.eleusal.com\/wp-content\/uploads\/sites\/28\/2021\/05\/CURSO-1.jpg 1501w, https:\/\/bilbao.eleusal.com\/wp-content\/uploads\/sites\/28\/2021\/05\/CURSO-1-300x139.jpg 300w, https:\/\/bilbao.eleusal.com\/wp-content\/uploads\/sites\/28\/2021\/05\/CURSO-1-1024x475.jpg 1024w, https:\/\/bilbao.eleusal.com\/wp-content\/uploads\/sites\/28\/2021\/05\/CURSO-1-768x356.jpg 768w, https:\/\/bilbao.eleusal.com\/wp-content\/uploads\/sites\/28\/2021\/05\/CURSO-1-700x325.jpg 700w, https:\/\/bilbao.eleusal.com\/wp-content\/uploads\/sites\/28\/2021\/05\/CURSO-1-600x278.jpg 600w\" sizes=\"auto, (max-width: 1501px) 100vw, 1501px\" \/>\t<\/div>\n<div class=\"qode-cli-text-holder\">\n\t<div class=\"qode-cli-text-wrapper\">\n\t\t<div class=\"qode-cli-text\">\n\t\t\t<div class=\"qode-cli-top-info\">\n\t\t\t\t<div class=\"qode-ci-price-holder\">\n\t\t\t<span class=\"qode-ci-price-value\">\n          100\u20ac      <\/span>\n\t<\/div>\n\n\t\t\t\t\t<h5 itemprop=\"name\" class=\"qode-cli-title entry-title\" >\n\t<a itemprop=\"url\" href=\"https:\/\/bilbao.eleusal.com\/en\/course\/ccse-preparation-course\/\" target=\"_self\">\n\t\tCCSE preparation course\t<\/a>\n\t<\/h5>\n\t\t\t\t\t\t\n\t\t\t\t\t\t\t\n\t\t\t<\/div>\n\t\t\t\t<p itemprop=\"description\" class=\"qode-cli-excerpt\">[vc_row css_animation=&#8221;&#8221; row_type=&#8221;row&#8221; use_row_as_full_screen_section=&#8221;no&#8221; type=&#8221;full_width&#8221; angled_section=&#8221;no&#8221; text_align=&#8221;left&#8221; background_image_as_pattern=&#8221;without_pattern&#8221;][vc_column][vc_column_text][\/vc_column<\/p>\n\t\t\t<div class=\"qode-cli-bottom-info\">\n\t\t\t\t\t\t<div class=\"qode-cli-category-holder\">\n\t\t\t<span aria-hidden=\"true\" class=\"qode-category-icon\"><\/span>\n\t\t\t\t\t\t\t<a itemprop=\"url\" class=\"qode-cli-category\" href=\"https:\/\/bilbao.eleusal.com\/en\/course-category\/official-exams\/\">Official Exams<\/a>\n\t\t\t\t\t<\/div>\n\t\t\t\t\t\n\t\t\t\t<div class=\"qode-students-number-holder\">\n\t<span aria-hidden=\"true\" class=\"dripicons-user qode-student-icon\"><\/span>\n\t<span class=\"qode-student-number\">\n        <\/span>\n<\/div>\n\t\t\t<\/div>\n\t\t<\/div>\n\t<\/div>\n<\/div>\t\t<a itemprop=\"url\" class=\"qode-cli-link qode-block-drag-link\" href=\"https:\/\/bilbao.eleusal.com\/en\/course\/ccse-preparation-course\/\" target=\"_self\"><\/a>\n\t<\/div>\n<\/article><article class=\"qode-cl-item qode-item-space post-7641 course type-course status-publish has-post-thumbnail hentry course-category-official-exams course-tag-examenes-espanol-ele-usal-bilabo-examen-usal-espro-spanish-school\"  data-name=usal-espro-exam data-date=1719273600>\n\t<div class=\"qode-cl-item-inner\">\n\t\t<div class=\"qode-cli-image\">\n\t\t\t<img loading=\"lazy\" decoding=\"async\" width=\"1501\" height=\"696\" src=\"https:\/\/bilbao.eleusal.com\/wp-content\/uploads\/sites\/28\/2022\/05\/ESPRO_LOGO.jpg\" class=\"attachment-themename_image_size_square size-themename_image_size_square wp-post-image\" alt=\"\" \/>\t<\/div>\n<div class=\"qode-cli-text-holder\">\n\t<div class=\"qode-cli-text-wrapper\">\n\t\t<div class=\"qode-cli-text\">\n\t\t\t<div class=\"qode-cli-top-info\">\n\t\t\t\t<div class=\"qode-ci-price-holder\">\n\t\t\t<span class=\"qode-ci-price-value\">\n          From 83\u20ac      <\/span>\n\t<\/div>\n\n\t\t\t\t\t<h5 itemprop=\"name\" class=\"qode-cli-title entry-title\" >\n\t<a itemprop=\"url\" href=\"https:\/\/bilbao.eleusal.com\/en\/course\/usal-espro-exam\/\" target=\"_self\">\n\t\tUSAL esPro Exam\t<\/a>\n\t<\/h5>\n\t\t\t\t\t\t\n\t\t\t\t\t\t\t\n\t\t\t<\/div>\n\t\t\t\t<p itemprop=\"description\" class=\"qode-cli-excerpt\">[vc_row css_animation=&#8221;&#8221; row_type=&#8221;row&#8221; use_row_as_full_screen_section=&#8221;no&#8221; type=&#8221;full_width&#8221; angled_section=&#8221;no&#8221; text_align=&#8221;left&#8221; background_image_as_pattern=&#8221;without_pattern&#8221;][vc_column][vc_empty_space][vc_column_<\/p>\n\t\t\t<div class=\"qode-cli-bottom-info\">\n\t\t\t\t\t\t<div class=\"qode-cli-category-holder\">\n\t\t\t<span aria-hidden=\"true\" class=\"qode-category-icon\"><\/span>\n\t\t\t\t\t\t\t<a itemprop=\"url\" class=\"qode-cli-category\" href=\"https:\/\/bilbao.eleusal.com\/en\/course-category\/official-exams\/\">Official Exams<\/a>\n\t\t\t\t\t<\/div>\n\t\t\t\t\t\n\t\t\t\t<div class=\"qode-students-number-holder\">\n\t<span aria-hidden=\"true\" class=\"dripicons-user qode-student-icon\"><\/span>\n\t<span class=\"qode-student-number\">\n        <\/span>\n<\/div>\n\t\t\t<\/div>\n\t\t<\/div>\n\t<\/div>\n<\/div>\t\t<a itemprop=\"url\" class=\"qode-cli-link qode-block-drag-link\" href=\"https:\/\/bilbao.eleusal.com\/en\/course\/usal-espro-exam\/\" target=\"_self\"><\/a>\n\t<\/div>\n<\/article>\t<\/div>\n\t\n\t<\/div>[\/vc_column][\/vc_row][vc_row css_animation=&#8221;&#8221; row_type=&#8221;row&#8221; use_row_as_full_screen_section=&#8221;no&#8221; type=&#8221;grid&#8221; angled_section=&#8221;no&#8221; text_align=&#8221;left&#8221; background_image_as_pattern=&#8221;without_pattern&#8221; padding_top=&#8221;10&#8243; padding_bottom=&#8221;10&#8243; z_index=&#8221;&#8221; css=&#8221;.vc_custom_1606464613238{margin-top: 60px !important;padding-top: 60px !important;padding-bottom: 60px !important;background-image: url(https:\/\/bilbao.eleusal.com\/wp-content\/uploads\/sites\/28\/2020\/11\/cta_bg.jpg?id=2876) !important;background-position: center !important;background-repeat: no-repeat !important;background-size: cover !important;}&#8221; el_class=&#8221;home-cta&#8221;][vc_column width=&#8221;6\/12&#8243;][vc_column_text]<\/p>\n<h2 style=\"color: #ffffff\">Any doubts?<\/h2>\n<p>[\/vc_column_text][vc_empty_space height=&#8221;20px&#8221;][vc_column_text css=&#8221;.vc_custom_1719308997651{margin-top: 20px !important;}&#8221;]<\/p>\n<h4 style=\"color: #ffffff\">Contact us to answer all your questions that you may have about our language trips<\/h4>\n<p>[\/vc_column_text][\/vc_column][vc_column width=&#8221;2\/12&#8243;][\/vc_column][vc_column width=&#8221;4\/12&#8243;]\n\n\t<a href=\"\/contacto\/\" target=\"_blank\" style=\"color: #d32d2d;background-color: #ffffff;font-family: Work Sans;font-size: 16px;font-weight: 600;margin: 40px 0px 0px 0px\" class=\"qode-btn qode-btn-medium qode-btn-solid qode-btn-custom-hover-bg qode-btn-custom-hover-color boton-rojo centrado qode-btn-default-hover\" data-hover-bg-color=\"#0a0a0a\" data-hover-color=\"#ffffff\" >\n\t    <span class=\"qode-btn-text\">Contact us<\/span>\t<\/a>\n\n[\/vc_column][\/vc_row]<\/p>\n","protected":false},"excerpt":{"rendered":"<p>[vc_row css_animation=&#8221;&#8221; row_type=&#8221;row&#8221; use_row_as_full_screen_section=&#8221;no&#8221; type=&#8221;full_width&#8221; angled_section=&#8221;no&#8221; text_align=&#8221;left&#8221; background_image_as_pattern=&#8221;without_pattern&#8221; css=&#8221;.vc_custom_1757921804448{background-color: #ffffff !important;}&#8221; z_index=&#8221;&#8221;][vc_column][vc_empty_space height=&#8221;15px&#8221;][vc_column_text] Official DELE and CCSE exam [\/vc_column_text][vc_empty_space height=&#8221;15px&#8221;][\/vc_column][\/vc_row][vc_row css_animation=&#8221;&#8221; row_type=&#8221;row&#8221; use_row_as_full_screen_section=&#8221;yes&#8221; type=&#8221;grid&#8221; angled_section=&#8221;no&#8221; text_align=&#8221;left&#8221; background_image_as_pattern=&#8221;without_pattern&#8221; padding_bottom=&#8221;90&#8243; z_index=&#8221;&#8221; css=&#8221;.vc_custom_1620197446625{padding-top: 60px !important;padding-bottom: 60px !important;background-image: url(https:\/\/bilbao.eleusal.com\/wp-content\/uploads\/sites\/28\/2021\/05\/javier-trueba-iQPr1XkF5F0-unsplash-1.jpg?id=3286) !important;background-position: center !important;background-repeat: no-repeat !important;background-size: cover !important;}&#8221; el_class=&#8221;cabecera-interna-cursos&#8221; padding_top=&#8221;90&#8243;][vc_column width=&#8221;1\/3&#8243;][\/vc_column][vc_column&#8230;<\/p>\n","protected":false},"author":21,"featured_media":0,"parent":0,"menu_order":0,"comment_status":"closed","ping_status":"closed","template":"full_width.php","meta":{"footnotes":""},"class_list":["post-7584","page","type-page","status-publish","hentry"],"yoast_head":"<!-- This site is optimized with the Yoast SEO plugin v24.2 - https:\/\/yoast.com\/wordpress\/plugins\/seo\/ -->\n<title>Preparaci\u00f3n ex\u00e1menes oficiales: EOI, DELE y CCSE - ELE USAL Bilbao<\/title>\n<meta name=\"description\" content=\"En ELE USAL Bilbao te preparamos para los ex\u00e1menes oficiales de EOI, DELE y CCSE. Entra y consulta todas las modalidades y tarifas. \u00a1M\u00e1s del 90% de aprobados!\" \/>\n<meta name=\"robots\" content=\"index, follow, max-snippet:-1, max-image-preview:large, max-video-preview:-1\" \/>\n<link rel=\"canonical\" href=\"https:\/\/bilbao.eleusal.com\/en\/official-exams\/\" \/>\n<meta property=\"og:locale\" content=\"en_US\" \/>\n<meta property=\"og:type\" content=\"article\" \/>\n<meta property=\"og:title\" content=\"Preparaci\u00f3n ex\u00e1menes oficiales: EOI, DELE y CCSE - ELE USAL Bilbao\" \/>\n<meta property=\"og:description\" content=\"En ELE USAL Bilbao te preparamos para los ex\u00e1menes oficiales de EOI, DELE y CCSE. Entra y consulta todas las modalidades y tarifas. \u00a1M\u00e1s del 90% de aprobados!\" \/>\n<meta property=\"og:url\" content=\"https:\/\/bilbao.eleusal.com\/en\/official-exams\/\" \/>\n<meta property=\"og:site_name\" content=\"ELE USAL Bilbao\" \/>\n<meta property=\"article:publisher\" content=\"https:\/\/www.facebook.com\/eleusal\/\" \/>\n<meta property=\"article:modified_time\" content=\"2025-09-15T07:39:19+00:00\" \/>\n<meta name=\"twitter:card\" content=\"summary_large_image\" \/>\n<meta name=\"twitter:site\" content=\"@ELE_USAL\" \/>\n<meta name=\"twitter:label1\" content=\"Est. reading time\" \/>\n\t<meta name=\"twitter:data1\" content=\"1 minute\" \/>\n<script type=\"application\/ld+json\" class=\"yoast-schema-graph\">{\"@context\":\"https:\/\/schema.org\",\"@graph\":[{\"@type\":\"WebPage\",\"@id\":\"https:\/\/bilbao.eleusal.com\/en\/official-exams\/\",\"url\":\"https:\/\/bilbao.eleusal.com\/en\/official-exams\/\",\"name\":\"Preparaci\u00f3n ex\u00e1menes oficiales: EOI, DELE y CCSE - ELE USAL Bilbao\",\"isPartOf\":{\"@id\":\"https:\/\/bilbao.eleusal.com\/#website\"},\"datePublished\":\"2024-06-25T09:50:22+00:00\",\"dateModified\":\"2025-09-15T07:39:19+00:00\",\"description\":\"En ELE USAL Bilbao te preparamos para los ex\u00e1menes oficiales de EOI, DELE y CCSE. Entra y consulta todas las modalidades y tarifas. \u00a1M\u00e1s del 90% de aprobados!\",\"breadcrumb\":{\"@id\":\"https:\/\/bilbao.eleusal.com\/en\/official-exams\/#breadcrumb\"},\"inLanguage\":\"en-US\",\"potentialAction\":[{\"@type\":\"ReadAction\",\"target\":[\"https:\/\/bilbao.eleusal.com\/en\/official-exams\/\"]}]},{\"@type\":\"BreadcrumbList\",\"@id\":\"https:\/\/bilbao.eleusal.com\/en\/official-exams\/#breadcrumb\",\"itemListElement\":[{\"@type\":\"ListItem\",\"position\":1,\"name\":\"Home\",\"item\":\"https:\/\/bilbao.eleusal.com\/en\/bilbao-language-school\/\"},{\"@type\":\"ListItem\",\"position\":2,\"name\":\"Official Exams\"}]},{\"@type\":\"WebSite\",\"@id\":\"https:\/\/bilbao.eleusal.com\/#website\",\"url\":\"https:\/\/bilbao.eleusal.com\/\",\"name\":\"ELE USAL Bilbao\",\"description\":\"Institut de Langue Espagnole, apprentissage espagnol, Strasbourg\",\"publisher\":{\"@id\":\"https:\/\/bilbao.eleusal.com\/#organization\"},\"potentialAction\":[{\"@type\":\"SearchAction\",\"target\":{\"@type\":\"EntryPoint\",\"urlTemplate\":\"https:\/\/bilbao.eleusal.com\/?s={search_term_string}\"},\"query-input\":{\"@type\":\"PropertyValueSpecification\",\"valueRequired\":true,\"valueName\":\"search_term_string\"}}],\"inLanguage\":\"en-US\"},{\"@type\":\"Organization\",\"@id\":\"https:\/\/bilbao.eleusal.com\/#organization\",\"name\":\"ELE USAL Bilbao\",\"url\":\"https:\/\/bilbao.eleusal.com\/\",\"logo\":{\"@type\":\"ImageObject\",\"inLanguage\":\"en-US\",\"@id\":\"https:\/\/bilbao.eleusal.com\/#\/schema\/logo\/image\/\",\"url\":\"https:\/\/bilbao.eleusal.com\/wp-content\/uploads\/sites\/28\/2020\/09\/ELE-USAL-Bilbao.png\",\"contentUrl\":\"https:\/\/bilbao.eleusal.com\/wp-content\/uploads\/sites\/28\/2020\/09\/ELE-USAL-Bilbao.png\",\"width\":695,\"height\":45,\"caption\":\"ELE USAL Bilbao\"},\"image\":{\"@id\":\"https:\/\/bilbao.eleusal.com\/#\/schema\/logo\/image\/\"},\"sameAs\":[\"https:\/\/www.facebook.com\/eleusal\/\",\"https:\/\/x.com\/ELE_USAL\",\"https:\/\/www.instagram.com\/eleusal_strasbourg\/\",\"https:\/\/www.linkedin.com\/company\/42409520\/admin\/\",\"https:\/\/www.youtube.com\/channel\/UC1zaycb1eIRyjg-tJWe7ENw?view_as=subscriber\"]}]}<\/script>\n<!-- \/ Yoast SEO plugin. -->","yoast_head_json":{"title":"Preparaci\u00f3n ex\u00e1menes oficiales: EOI, DELE y CCSE - ELE USAL Bilbao","description":"En ELE USAL Bilbao te preparamos para los ex\u00e1menes oficiales de EOI, DELE y CCSE. Entra y consulta todas las modalidades y tarifas. \u00a1M\u00e1s del 90% de aprobados!","robots":{"index":"index","follow":"follow","max-snippet":"max-snippet:-1","max-image-preview":"max-image-preview:large","max-video-preview":"max-video-preview:-1"},"canonical":"https:\/\/bilbao.eleusal.com\/en\/official-exams\/","og_locale":"en_US","og_type":"article","og_title":"Preparaci\u00f3n ex\u00e1menes oficiales: EOI, DELE y CCSE - ELE USAL Bilbao","og_description":"En ELE USAL Bilbao te preparamos para los ex\u00e1menes oficiales de EOI, DELE y CCSE. Entra y consulta todas las modalidades y tarifas. \u00a1M\u00e1s del 90% de aprobados!","og_url":"https:\/\/bilbao.eleusal.com\/en\/official-exams\/","og_site_name":"ELE USAL Bilbao","article_publisher":"https:\/\/www.facebook.com\/eleusal\/","article_modified_time":"2025-09-15T07:39:19+00:00","twitter_card":"summary_large_image","twitter_site":"@ELE_USAL","twitter_misc":{"Est. reading time":"1 minute"},"schema":{"@context":"https:\/\/schema.org","@graph":[{"@type":"WebPage","@id":"https:\/\/bilbao.eleusal.com\/en\/official-exams\/","url":"https:\/\/bilbao.eleusal.com\/en\/official-exams\/","name":"Preparaci\u00f3n ex\u00e1menes oficiales: EOI, DELE y CCSE - ELE USAL Bilbao","isPartOf":{"@id":"https:\/\/bilbao.eleusal.com\/#website"},"datePublished":"2024-06-25T09:50:22+00:00","dateModified":"2025-09-15T07:39:19+00:00","description":"En ELE USAL Bilbao te preparamos para los ex\u00e1menes oficiales de EOI, DELE y CCSE. Entra y consulta todas las modalidades y tarifas. \u00a1M\u00e1s del 90% de aprobados!","breadcrumb":{"@id":"https:\/\/bilbao.eleusal.com\/en\/official-exams\/#breadcrumb"},"inLanguage":"en-US","potentialAction":[{"@type":"ReadAction","target":["https:\/\/bilbao.eleusal.com\/en\/official-exams\/"]}]},{"@type":"BreadcrumbList","@id":"https:\/\/bilbao.eleusal.com\/en\/official-exams\/#breadcrumb","itemListElement":[{"@type":"ListItem","position":1,"name":"Home","item":"https:\/\/bilbao.eleusal.com\/en\/bilbao-language-school\/"},{"@type":"ListItem","position":2,"name":"Official Exams"}]},{"@type":"WebSite","@id":"https:\/\/bilbao.eleusal.com\/#website","url":"https:\/\/bilbao.eleusal.com\/","name":"ELE USAL Bilbao","description":"Institut de Langue Espagnole, apprentissage espagnol, Strasbourg","publisher":{"@id":"https:\/\/bilbao.eleusal.com\/#organization"},"potentialAction":[{"@type":"SearchAction","target":{"@type":"EntryPoint","urlTemplate":"https:\/\/bilbao.eleusal.com\/?s={search_term_string}"},"query-input":{"@type":"PropertyValueSpecification","valueRequired":true,"valueName":"search_term_string"}}],"inLanguage":"en-US"},{"@type":"Organization","@id":"https:\/\/bilbao.eleusal.com\/#organization","name":"ELE USAL Bilbao","url":"https:\/\/bilbao.eleusal.com\/","logo":{"@type":"ImageObject","inLanguage":"en-US","@id":"https:\/\/bilbao.eleusal.com\/#\/schema\/logo\/image\/","url":"https:\/\/bilbao.eleusal.com\/wp-content\/uploads\/sites\/28\/2020\/09\/ELE-USAL-Bilbao.png","contentUrl":"https:\/\/bilbao.eleusal.com\/wp-content\/uploads\/sites\/28\/2020\/09\/ELE-USAL-Bilbao.png","width":695,"height":45,"caption":"ELE USAL Bilbao"},"image":{"@id":"https:\/\/bilbao.eleusal.com\/#\/schema\/logo\/image\/"},"sameAs":["https:\/\/www.facebook.com\/eleusal\/","https:\/\/x.com\/ELE_USAL","https:\/\/www.instagram.com\/eleusal_strasbourg\/","https:\/\/www.linkedin.com\/company\/42409520\/admin\/","https:\/\/www.youtube.com\/channel\/UC1zaycb1eIRyjg-tJWe7ENw?view_as=subscriber"]}]}},"_links":{"self":[{"href":"https:\/\/bilbao.eleusal.com\/en\/wp-json\/wp\/v2\/pages\/7584","targetHints":{"allow":["GET"]}}],"collection":[{"href":"https:\/\/bilbao.eleusal.com\/en\/wp-json\/wp\/v2\/pages"}],"about":[{"href":"https:\/\/bilbao.eleusal.com\/en\/wp-json\/wp\/v2\/types\/page"}],"author":[{"embeddable":true,"href":"https:\/\/bilbao.eleusal.com\/en\/wp-json\/wp\/v2\/users\/21"}],"replies":[{"embeddable":true,"href":"https:\/\/bilbao.eleusal.com\/en\/wp-json\/wp\/v2\/comments?post=7584"}],"version-history":[{"count":7,"href":"https:\/\/bilbao.eleusal.com\/en\/wp-json\/wp\/v2\/pages\/7584\/revisions"}],"predecessor-version":[{"id":9923,"href":"https:\/\/bilbao.eleusal.com\/en\/wp-json\/wp\/v2\/pages\/7584\/revisions\/9923"}],"wp:attachment":[{"href":"https:\/\/bilbao.eleusal.com\/en\/wp-json\/wp\/v2\/media?parent=7584"}],"curies":[{"name":"wp","href":"https:\/\/api.w.org\/{rel}","templated":true}]}}